{"id":146,"date":"2022-04-01T15:29:56","date_gmt":"2022-04-01T15:29:56","guid":{"rendered":"https:\/\/www.tsinnovacio.com\/?page_id=146"},"modified":"2022-05-13T09:23:30","modified_gmt":"2022-05-13T09:23:30","slug":"servicios","status":"publish","type":"page","link":"https:\/\/www.tsinnovacio.com\/es\/servicios\/","title":{"rendered":"Servicios"},"content":{"rendered":"<p>[vc_row css_animation=\u00bb\u00bb row_type=\u00bbrow\u00bb use_row_as_full_screen_section=\u00bbno\u00bb type=\u00bbgrid\u00bb angled_section=\u00bbno\u00bb text_align=\u00bbleft\u00bb background_image_as_pattern=\u00bbwithout_pattern\u00bb z_index=\u00bb\u00bb background_image=\u00bb147&#8243;][vc_column][vc_column_text el_class=\u00bbsection_title bg white\u00bb]<\/p>\n<h1>\u00bfQu\u00e9 servicios ofrecemos? <\/h1>\n<p>[\/vc_column_text][\/vc_column][\/vc_row][vc_row css_animation=\u00bbelement_from_fade\u00bb row_type=\u00bbrow\u00bb use_row_as_full_screen_section=\u00bbno\u00bb type=\u00bbgrid\u00bb angled_section=\u00bbno\u00bb text_align=\u00bbleft\u00bb background_image_as_pattern=\u00bbwithout_pattern\u00bb z_index=\u00bb\u00bb background_color=\u00bb#f3e9df\u00bb el_class=\u00bbrow_qui_som\u00bb][vc_column][vc_column_text el_class=\u00bbsection_subtitle\u00bb]<\/p>\n<h2>Dise\u00f1o de productos <\/h2>\n<p>[\/vc_column_text][qode_elements_holder number_of_columns=\u00bbtwo_columns\u00bb][qode_elements_holder_item vertical_alignment=\u00bbtop\u00bb advanced_animations=\u00bbno\u00bb][vc_single_image image=\u00bb160&#8243; img_size=\u00bbfull\u00bb qode_css_animation=\u00bb\u00bb][\/qode_elements_holder_item][qode_elements_holder_item vertical_alignment=\u00bbtop\u00bb advanced_animations=\u00bbno\u00bb item_padding=\u00bb10%\u00bb][vc_column_text]Dise\u00f1o de productos nuevos o substitutivos del pl\u00e1stico con materiales org\u00e1nicos a demanda del cliente.[\/vc_column_text][\/qode_elements_holder_item][\/qode_elements_holder][\/vc_column][\/vc_row][vc_row css_animation=\u00bbelement_from_fade\u00bb row_type=\u00bbrow\u00bb use_row_as_full_screen_section=\u00bbno\u00bb type=\u00bbgrid\u00bb angled_section=\u00bbno\u00bb text_align=\u00bbleft\u00bb background_image_as_pattern=\u00bbwithout_pattern\u00bb z_index=\u00bb\u00bb el_class=\u00bbrow_qui_som\u00bb][vc_column][vc_column_text el_class=\u00bbsection_subtitle\u00bb]<\/p>\n<h2>Alquiler del laboratorio para I+D<\/h2>\n<p>[\/vc_column_text][qode_elements_holder number_of_columns=\u00bbtwo_columns\u00bb][qode_elements_holder_item vertical_alignment=\u00bbtop\u00bb advanced_animations=\u00bbno\u00bb item_padding=\u00bb5% 10% 10% 10%\u00bb][vc_column_text]La instalaci\u00f3n se compone de diferentes mecanismos, circuitos y automatismos y es una planta piloto de fabricaci\u00f3n. Contiene todos los elementos de una planta industrial a una escala \u00f3ptima para poder hacer pruebas. La planta est\u00e1 preparada para realizar ensayos con diferentes proporciones\u00a0 de residuos de papel u otras materias org\u00e1nicas con la finalidad de determinar los procesos de fabricaci\u00f3n m\u00e1s v\u00e1lidos en funci\u00f3n de los productos finales deseados.[\/vc_column_text][\/qode_elements_holder_item][qode_elements_holder_item vertical_alignment=\u00bbtop\u00bb advanced_animations=\u00bbno\u00bb][vc_single_image image=\u00bb315&#8243; img_size=\u00bbfull\u00bb qode_css_animation=\u00bb\u00bb][\/qode_elements_holder_item][\/qode_elements_holder][\/vc_column][\/vc_row][vc_row css_animation=\u00bbelement_from_fade\u00bb row_type=\u00bbrow\u00bb use_row_as_full_screen_section=\u00bbno\u00bb type=\u00bbgrid\u00bb angled_section=\u00bbno\u00bb text_align=\u00bbleft\u00bb background_image_as_pattern=\u00bbwithout_pattern\u00bb z_index=\u00bb\u00bb background_color=\u00bb#f3e9df\u00bb el_class=\u00bbrow_qui_som\u00bb][vc_column][vc_column_text el_class=\u00bbsection_subtitle\u00bb]<\/p>\n<h2>Investigaci\u00f3n en materias primas: econom\u00eda circular <\/h2>\n<p>[\/vc_column_text][qode_elements_holder number_of_columns=\u00bbtwo_columns\u00bb][qode_elements_holder_item vertical_alignment=\u00bbtop\u00bb advanced_animations=\u00bbno\u00bb][vc_single_image image=\u00bb150&#8243; img_size=\u00bbfull\u00bb qode_css_animation=\u00bb\u00bb][\/qode_elements_holder_item][qode_elements_holder_item vertical_alignment=\u00bbtop\u00bb advanced_animations=\u00bbno\u00bb item_padding=\u00bb10%\u00bb][vc_column_text]En la l\u00ednea de trabajar por la econom\u00eda circular, la versatilidad de la planta piloto permite ensayar con materias primeras provenientes de residuos varios. I+D para consolidar embalajes y packaging elaborados en un porcentaje o en su totalidad con materiales m\u00e1s sostenibles.[\/vc_column_text][\/qode_elements_holder_item][\/qode_elements_holder][\/vc_column][\/vc_row][vc_row css_animation=\u00bbelement_from_fade\u00bb row_type=\u00bbrow\u00bb use_row_as_full_screen_section=\u00bbno\u00bb type=\u00bbgrid\u00bb angled_section=\u00bbno\u00bb text_align=\u00bbleft\u00bb background_image_as_pattern=\u00bbwithout_pattern\u00bb z_index=\u00bb\u00bb el_class=\u00bbrow_qui_som\u00bb][vc_column][vc_column_text el_class=\u00bbsection_subtitle\u00bb]<\/p>\n<h2>Desarrollo y construcci\u00f3n de moldes en 3D y moldes en aluminio para procesos de termoformado <\/h2>\n<p>[\/vc_column_text][qode_elements_holder number_of_columns=\u00bbtwo_columns\u00bb][qode_elements_holder_item vertical_alignment=\u00bbtop\u00bb advanced_animations=\u00bbno\u00bb item_padding=\u00bb5% 10% 10% 10%\u00bb][vc_column_text]Desde Tallers Soteras fabricamos los moldes dise\u00f1ados con impresi\u00f3n 3D y ofrecemos la construcci\u00f3n, redise\u00f1o y adaptaci\u00f3n de maquinaria hecha a medida de manera que sea lo m\u00e1s \u00f3ptima posible respecto al producto que ha de producir.[\/vc_column_text][\/qode_elements_holder_item][qode_elements_holder_item vertical_alignment=\u00bbtop\u00bb advanced_animations=\u00bbno\u00bb][vc_single_image image=\u00bb163&#8243; img_size=\u00bbfull\u00bb qode_css_animation=\u00bb\u00bb][\/qode_elements_holder_item][\/qode_elements_holder][\/vc_column][\/vc_row][vc_row css_animation=\u00bbelement_from_fade\u00bb row_type=\u00bbrow\u00bb use_row_as_full_screen_section=\u00bbno\u00bb type=\u00bbgrid\u00bb angled_section=\u00bbno\u00bb text_align=\u00bbleft\u00bb background_image_as_pattern=\u00bbwithout_pattern\u00bb z_index=\u00bb\u00bb background_color=\u00bb#f3e9df\u00bb el_class=\u00bbrow_qui_som\u00bb][vc_column][vc_column_text el_class=\u00bbsection_subtitle\u00bb]<\/p>\n<h2>Fabricaci\u00f3n de series cortas <\/h2>\n<p>[\/vc_column_text][qode_elements_holder number_of_columns=\u00bbtwo_columns\u00bb][qode_elements_holder_item vertical_alignment=\u00bbtop\u00bb advanced_animations=\u00bbno\u00bb][vc_single_image image=\u00bb156&#8243; img_size=\u00bbfull\u00bb qode_css_animation=\u00bb\u00bb][\/qode_elements_holder_item][qode_elements_holder_item vertical_alignment=\u00bbtop\u00bb advanced_animations=\u00bbno\u00bb item_padding=\u00bb10%\u00bb][vc_column_text]Prototipo aportado por el cliente: una vez efectuada la adaptaci\u00f3n a nuestra m\u00e1quina, ofrecemos producci\u00f3n para verificar el resultado o una tirada corta con el fin de bastecer un cliente.[\/vc_column_text][\/qode_elements_holder_item][\/qode_elements_holder][\/vc_column][\/vc_row]<\/p>\n","protected":false},"excerpt":{"rendered":"<p>[vc_row css_animation=\u00bb\u00bb row_type=\u00bbrow\u00bb use_row_as_full_screen_section=\u00bbno\u00bb type=\u00bbgrid\u00bb angled_section=\u00bbno\u00bb text_align=\u00bbleft\u00bb background_image_as_pattern=\u00bbwithout_pattern\u00bb z_index=\u00bb\u00bb background_image=\u00bb147&#8243;][vc_column][vc_column_text el_class=\u00bbsection_title bg white\u00bb] \u00bfQu\u00e9 servicios ofrecemos? [\/vc_column_text][\/vc_column][\/vc_row][vc_row css_animation=\u00bbelement_from_fade\u00bb row_type=\u00bbrow\u00bb use_row_as_full_screen_section=\u00bbno\u00bb type=\u00bbgrid\u00bb angled_section=\u00bbno\u00bb text_align=\u00bbleft\u00bb background_image_as_pattern=\u00bbwithout_pattern\u00bb z_index=\u00bb\u00bb background_color=\u00bb#f3e9df\u00bb el_class=\u00bbrow_qui_som\u00bb][vc_column][vc_column_text el_class=\u00bbsection_subtitle\u00bb] Dise\u00f1o de productos [\/vc_column_text][qode_elements_holder number_of_columns=\u00bbtwo_columns\u00bb][qode_elements_holder_item vertical_alignment=\u00bbtop\u00bb advanced_animations=\u00bbno\u00bb][vc_single_image image=\u00bb160&#8243; img_size=\u00bbfull\u00bb qode_css_animation=\u00bb\u00bb][\/qode_elements_holder_item][qode_elements_holder_item vertical_alignment=\u00bbtop\u00bb advanced_animations=\u00bbno\u00bb item_padding=\u00bb10%\u00bb][vc_column_text]Dise\u00f1o de productos nuevos o&#8230;<\/p>\n","protected":false},"author":1,"featured_media":0,"parent":0,"menu_order":0,"comment_status":"closed","ping_status":"open","template":"full_width.php","meta":{"spay_email":"","footnotes":""},"class_list":["post-146","page","type-page","status-publish","hentry"],"yoast_head":"<!-- This site is optimized with the Yoast SEO plugin v27.4 - https:\/\/yoast.com\/product\/yoast-seo-wordpress\/ -->\n<title>Servicios - tsinnovacio<\/title>\n<meta name=\"robots\" content=\"index, follow, max-snippet:-1, max-image-preview:large, max-video-preview:-1\" \/>\n<link rel=\"canonical\" href=\"https:\/\/www.tsinnovacio.com\/servicios\/\" \/>\n<meta property=\"og:locale\" content=\"es_ES\" \/>\n<meta property=\"og:type\" content=\"article\" \/>\n<meta property=\"og:title\" content=\"Servicios - tsinnovacio\" \/>\n<meta property=\"og:description\" content=\"[vc_row css_animation=\u00bb\u00bb row_type=\u00bbrow\u00bb use_row_as_full_screen_section=\u00bbno\u00bb type=\u00bbgrid\u00bb angled_section=\u00bbno\u00bb text_align=\u00bbleft\u00bb background_image_as_pattern=\u00bbwithout_pattern\u00bb z_index=\u00bb\u00bb background_image=\u00bb147&#8243;][vc_column][vc_column_text el_class=\u00bbsection_title bg white\u00bb] \u00bfQu\u00e9 servicios ofrecemos? [\/vc_column_text][\/vc_column][\/vc_row][vc_row css_animation=\u00bbelement_from_fade\u00bb row_type=\u00bbrow\u00bb use_row_as_full_screen_section=\u00bbno\u00bb type=\u00bbgrid\u00bb angled_section=\u00bbno\u00bb text_align=\u00bbleft\u00bb background_image_as_pattern=\u00bbwithout_pattern\u00bb z_index=\u00bb\u00bb background_color=\u00bb#f3e9df\u00bb el_class=\u00bbrow_qui_som\u00bb][vc_column][vc_column_text el_class=\u00bbsection_subtitle\u00bb] Dise\u00f1o de productos [\/vc_column_text][qode_elements_holder number_of_columns=\u00bbtwo_columns\u00bb][qode_elements_holder_item vertical_alignment=\u00bbtop\u00bb advanced_animations=\u00bbno\u00bb][vc_single_image image=\u00bb160&#8243; img_size=\u00bbfull\u00bb qode_css_animation=\u00bb\u00bb][\/qode_elements_holder_item][qode_elements_holder_item vertical_alignment=\u00bbtop\u00bb advanced_animations=\u00bbno\u00bb item_padding=\u00bb10%\u00bb][vc_column_text]Dise\u00f1o de productos nuevos o...\" \/>\n<meta property=\"og:url\" content=\"https:\/\/www.tsinnovacio.com\/servicios\/\" \/>\n<meta property=\"og:site_name\" content=\"tsinnovacio\" \/>\n<meta property=\"article:modified_time\" content=\"2022-05-13T09:23:30+00:00\" \/>\n<meta name=\"twitter:card\" content=\"summary_large_image\" \/>\n<meta name=\"twitter:label1\" content=\"Tiempo de lectura\" \/>\n\t<meta name=\"twitter:data1\" content=\"2 minutos\" \/>\n<script type=\"application\/ld+json\" class=\"yoast-schema-graph\">{\"@context\":\"https:\\\/\\\/schema.org\",\"@graph\":[{\"@type\":\"WebPage\",\"@id\":\"https:\\\/\\\/www.tsinnovacio.com\\\/servicios\\\/\",\"url\":\"https:\\\/\\\/www.tsinnovacio.com\\\/servicios\\\/\",\"name\":\"Servicios - tsinnovacio\",\"isPartOf\":{\"@id\":\"https:\\\/\\\/www.tsinnovacio.com\\\/#website\"},\"datePublished\":\"2022-04-01T15:29:56+00:00\",\"dateModified\":\"2022-05-13T09:23:30+00:00\",\"breadcrumb\":{\"@id\":\"https:\\\/\\\/www.tsinnovacio.com\\\/servicios\\\/#breadcrumb\"},\"inLanguage\":\"es\",\"potentialAction\":[{\"@type\":\"ReadAction\",\"target\":[\"https:\\\/\\\/www.tsinnovacio.com\\\/servicios\\\/\"]}]},{\"@type\":\"BreadcrumbList\",\"@id\":\"https:\\\/\\\/www.tsinnovacio.com\\\/servicios\\\/#breadcrumb\",\"itemListElement\":[{\"@type\":\"ListItem\",\"position\":1,\"name\":\"Portada\",\"item\":\"https:\\\/\\\/www.tsinnovacio.com\\\/es\\\/\"},{\"@type\":\"ListItem\",\"position\":2,\"name\":\"Servicios\"}]},{\"@type\":\"WebSite\",\"@id\":\"https:\\\/\\\/www.tsinnovacio.com\\\/#website\",\"url\":\"https:\\\/\\\/www.tsinnovacio.com\\\/\",\"name\":\"tsinnovacio\",\"description\":\"Packaging sostenible\",\"publisher\":{\"@id\":\"https:\\\/\\\/www.tsinnovacio.com\\\/#organization\"},\"potentialAction\":[{\"@type\":\"SearchAction\",\"target\":{\"@type\":\"EntryPoint\",\"urlTemplate\":\"https:\\\/\\\/www.tsinnovacio.com\\\/?s={search_term_string}\"},\"query-input\":{\"@type\":\"PropertyValueSpecification\",\"valueRequired\":true,\"valueName\":\"search_term_string\"}}],\"inLanguage\":\"es\"},{\"@type\":\"Organization\",\"@id\":\"https:\\\/\\\/www.tsinnovacio.com\\\/#organization\",\"name\":\"Tallers Soteras, SL\",\"url\":\"https:\\\/\\\/www.tsinnovacio.com\\\/\",\"logo\":{\"@type\":\"ImageObject\",\"inLanguage\":\"es\",\"@id\":\"https:\\\/\\\/www.tsinnovacio.com\\\/#\\\/schema\\\/logo\\\/image\\\/\",\"url\":\"https:\\\/\\\/i0.wp.com\\\/www.tsinnovacio.com\\\/wp-content\\\/uploads\\\/2022\\\/05\\\/logo-TS-innovacio-firma-correu-e1653646604386.jpg?fit=157%2C159&ssl=1\",\"contentUrl\":\"https:\\\/\\\/i0.wp.com\\\/www.tsinnovacio.com\\\/wp-content\\\/uploads\\\/2022\\\/05\\\/logo-TS-innovacio-firma-correu-e1653646604386.jpg?fit=157%2C159&ssl=1\",\"width\":157,\"height\":159,\"caption\":\"Tallers Soteras, SL\"},\"image\":{\"@id\":\"https:\\\/\\\/www.tsinnovacio.com\\\/#\\\/schema\\\/logo\\\/image\\\/\"},\"sameAs\":[\"https:\\\/\\\/www.instagram.com\\\/tallers_soteras\\\/\",\"https:\\\/\\\/www.linkedin.com\\\/company\\\/80057879\\\/admin\\\/\"]}]}<\/script>\n<!-- \/ Yoast SEO plugin. -->","yoast_head_json":{"title":"Servicios - tsinnovacio","robots":{"index":"index","follow":"follow","max-snippet":"max-snippet:-1","max-image-preview":"max-image-preview:large","max-video-preview":"max-video-preview:-1"},"canonical":"https:\/\/www.tsinnovacio.com\/servicios\/","og_locale":"es_ES","og_type":"article","og_title":"Servicios - tsinnovacio","og_description":"[vc_row css_animation=\u00bb\u00bb row_type=\u00bbrow\u00bb use_row_as_full_screen_section=\u00bbno\u00bb type=\u00bbgrid\u00bb angled_section=\u00bbno\u00bb text_align=\u00bbleft\u00bb background_image_as_pattern=\u00bbwithout_pattern\u00bb z_index=\u00bb\u00bb background_image=\u00bb147&#8243;][vc_column][vc_column_text el_class=\u00bbsection_title bg white\u00bb] \u00bfQu\u00e9 servicios ofrecemos? [\/vc_column_text][\/vc_column][\/vc_row][vc_row css_animation=\u00bbelement_from_fade\u00bb row_type=\u00bbrow\u00bb use_row_as_full_screen_section=\u00bbno\u00bb type=\u00bbgrid\u00bb angled_section=\u00bbno\u00bb text_align=\u00bbleft\u00bb background_image_as_pattern=\u00bbwithout_pattern\u00bb z_index=\u00bb\u00bb background_color=\u00bb#f3e9df\u00bb el_class=\u00bbrow_qui_som\u00bb][vc_column][vc_column_text el_class=\u00bbsection_subtitle\u00bb] Dise\u00f1o de productos [\/vc_column_text][qode_elements_holder number_of_columns=\u00bbtwo_columns\u00bb][qode_elements_holder_item vertical_alignment=\u00bbtop\u00bb advanced_animations=\u00bbno\u00bb][vc_single_image image=\u00bb160&#8243; img_size=\u00bbfull\u00bb qode_css_animation=\u00bb\u00bb][\/qode_elements_holder_item][qode_elements_holder_item vertical_alignment=\u00bbtop\u00bb advanced_animations=\u00bbno\u00bb item_padding=\u00bb10%\u00bb][vc_column_text]Dise\u00f1o de productos nuevos o...","og_url":"https:\/\/www.tsinnovacio.com\/servicios\/","og_site_name":"tsinnovacio","article_modified_time":"2022-05-13T09:23:30+00:00","twitter_card":"summary_large_image","twitter_misc":{"Tiempo de lectura":"2 minutos"},"schema":{"@context":"https:\/\/schema.org","@graph":[{"@type":"WebPage","@id":"https:\/\/www.tsinnovacio.com\/servicios\/","url":"https:\/\/www.tsinnovacio.com\/servicios\/","name":"Servicios - tsinnovacio","isPartOf":{"@id":"https:\/\/www.tsinnovacio.com\/#website"},"datePublished":"2022-04-01T15:29:56+00:00","dateModified":"2022-05-13T09:23:30+00:00","breadcrumb":{"@id":"https:\/\/www.tsinnovacio.com\/servicios\/#breadcrumb"},"inLanguage":"es","potentialAction":[{"@type":"ReadAction","target":["https:\/\/www.tsinnovacio.com\/servicios\/"]}]},{"@type":"BreadcrumbList","@id":"https:\/\/www.tsinnovacio.com\/servicios\/#breadcrumb","itemListElement":[{"@type":"ListItem","position":1,"name":"Portada","item":"https:\/\/www.tsinnovacio.com\/es\/"},{"@type":"ListItem","position":2,"name":"Servicios"}]},{"@type":"WebSite","@id":"https:\/\/www.tsinnovacio.com\/#website","url":"https:\/\/www.tsinnovacio.com\/","name":"tsinnovacio","description":"Packaging sostenible","publisher":{"@id":"https:\/\/www.tsinnovacio.com\/#organization"},"potentialAction":[{"@type":"SearchAction","target":{"@type":"EntryPoint","urlTemplate":"https:\/\/www.tsinnovacio.com\/?s={search_term_string}"},"query-input":{"@type":"PropertyValueSpecification","valueRequired":true,"valueName":"search_term_string"}}],"inLanguage":"es"},{"@type":"Organization","@id":"https:\/\/www.tsinnovacio.com\/#organization","name":"Tallers Soteras, SL","url":"https:\/\/www.tsinnovacio.com\/","logo":{"@type":"ImageObject","inLanguage":"es","@id":"https:\/\/www.tsinnovacio.com\/#\/schema\/logo\/image\/","url":"https:\/\/i0.wp.com\/www.tsinnovacio.com\/wp-content\/uploads\/2022\/05\/logo-TS-innovacio-firma-correu-e1653646604386.jpg?fit=157%2C159&ssl=1","contentUrl":"https:\/\/i0.wp.com\/www.tsinnovacio.com\/wp-content\/uploads\/2022\/05\/logo-TS-innovacio-firma-correu-e1653646604386.jpg?fit=157%2C159&ssl=1","width":157,"height":159,"caption":"Tallers Soteras, SL"},"image":{"@id":"https:\/\/www.tsinnovacio.com\/#\/schema\/logo\/image\/"},"sameAs":["https:\/\/www.instagram.com\/tallers_soteras\/","https:\/\/www.linkedin.com\/company\/80057879\/admin\/"]}]}},"_links":{"self":[{"href":"https:\/\/www.tsinnovacio.com\/es\/wp-json\/wp\/v2\/pages\/146","targetHints":{"allow":["GET"]}}],"collection":[{"href":"https:\/\/www.tsinnovacio.com\/es\/wp-json\/wp\/v2\/pages"}],"about":[{"href":"https:\/\/www.tsinnovacio.com\/es\/wp-json\/wp\/v2\/types\/page"}],"author":[{"embeddable":true,"href":"https:\/\/www.tsinnovacio.com\/es\/wp-json\/wp\/v2\/users\/1"}],"replies":[{"embeddable":true,"href":"https:\/\/www.tsinnovacio.com\/es\/wp-json\/wp\/v2\/comments?post=146"}],"version-history":[{"count":10,"href":"https:\/\/www.tsinnovacio.com\/es\/wp-json\/wp\/v2\/pages\/146\/revisions"}],"predecessor-version":[{"id":479,"href":"https:\/\/www.tsinnovacio.com\/es\/wp-json\/wp\/v2\/pages\/146\/revisions\/479"}],"wp:attachment":[{"href":"https:\/\/www.tsinnovacio.com\/es\/wp-json\/wp\/v2\/media?parent=146"}],"curies":[{"name":"wp","href":"https:\/\/api.w.org\/{rel}","templated":true}]}}