{"id":118,"date":"2022-04-01T15:11:21","date_gmt":"2022-04-01T15:11:21","guid":{"rendered":"https:\/\/www.tsinnovacio.com\/?page_id=118"},"modified":"2022-05-25T09:33:14","modified_gmt":"2022-05-25T09:33:14","slug":"quienes-somos","status":"publish","type":"page","link":"https:\/\/www.tsinnovacio.com\/es\/quienes-somos\/","title":{"rendered":"Quienes somos"},"content":{"rendered":"<p>[vc_row css_animation=\u00bb\u00bb row_type=\u00bbrow\u00bb use_row_as_full_screen_section=\u00bbno\u00bb type=\u00bbfull_width\u00bb angled_section=\u00bbyes\u00bb angled_section_position=\u00bbtop\u00bb angled_section_direction=\u00bbfrom_right_to_left\u00bb text_align=\u00bbleft\u00bb background_image_as_pattern=\u00bbwithout_pattern\u00bb z_index=\u00bb\u00bb][vc_column][vc_video link=\u00bbhttps:\/\/www.youtube.com\/watch?v=b0bOltJlyQM\u00bb align=\u00bbcenter\u00bb][\/vc_column][\/vc_row][vc_row css_animation=\u00bb\u00bb row_type=\u00bbrow\u00bb use_row_as_full_screen_section=\u00bbno\u00bb type=\u00bbgrid\u00bb angled_section=\u00bbno\u00bb text_align=\u00bbleft\u00bb background_image_as_pattern=\u00bbwithout_pattern\u00bb z_index=\u00bb\u00bb el_class=\u00bbsection_sep_40&#8243;][vc_column][vc_column_text el_class=\u00bbsection_title\u00bb]<\/p>\n<h1>Qui\u00e9nes somos<\/h1>\n<p>[\/vc_column_text][\/vc_column][\/vc_row][vc_row css_animation=\u00bbelement_from_fade\u00bb row_type=\u00bbrow\u00bb use_row_as_full_screen_section=\u00bbno\u00bb type=\u00bbgrid\u00bb angled_section=\u00bbno\u00bb text_align=\u00bbleft\u00bb background_image_as_pattern=\u00bbwithout_pattern\u00bb z_index=\u00bb\u00bb background_color=\u00bb#f3e9df\u00bb el_class=\u00bbrow_qui_som\u00bb][vc_column][qode_elements_holder number_of_columns=\u00bbtwo_columns\u00bb][qode_elements_holder_item vertical_alignment=\u00bbtop\u00bb advanced_animations=\u00bbno\u00bb item_padding=\u00bb10%\u00bb][vc_column_text]Tallers Soteras es una empresa fundada en 1860, de quinta generaci\u00f3n, constructora de maquinaria para la industria del papel \u00a0y derivados. Cuenta con un equipo capaz de ofrecer proyectos de fabricaci\u00f3n, dise\u00f1o y modificaciones de maquinaria.[\/vc_column_text][\/qode_elements_holder_item][qode_elements_holder_item vertical_alignment=\u00bbtop\u00bb advanced_animations=\u00bbno\u00bb][vc_single_image image=\u00bb128&#8243; img_size=\u00bbfull\u00bb qode_css_animation=\u00bb\u00bb][\/qode_elements_holder_item][\/qode_elements_holder][\/vc_column][\/vc_row][vc_row css_animation=\u00bbelement_from_fade\u00bb row_type=\u00bbrow\u00bb use_row_as_full_screen_section=\u00bbno\u00bb type=\u00bbgrid\u00bb angled_section=\u00bbno\u00bb text_align=\u00bbleft\u00bb background_image_as_pattern=\u00bbwithout_pattern\u00bb z_index=\u00bb\u00bb el_class=\u00bbrow_qui_som\u00bb][vc_column][qode_elements_holder number_of_columns=\u00bbtwo_columns\u00bb][qode_elements_holder_item vertical_alignment=\u00bbtop\u00bb advanced_animations=\u00bbno\u00bb][vc_single_image image=\u00bb621&#8243; img_size=\u00bbfull\u00bb qode_css_animation=\u00bb\u00bb][\/qode_elements_holder_item][qode_elements_holder_item vertical_alignment=\u00bbtop\u00bb advanced_animations=\u00bbno\u00bb item_padding=\u00bb10%\u00bb][vc_column_text]En Tallers Soteras hemos creado TS Innovaci\u00f3, desde donde hemos proyectado y construido una planta piloto para la investigaci\u00f3n en tecnolog\u00eda 3D de productos moldeados y de embalaje.<\/p>\n<p>Esta planta es un laboratorio abierto a las empresas que quieran participar con nosotros en I+D de nuevos productos de embalaje, fabricaci\u00f3n de materiales y packaging.[\/vc_column_text][\/qode_elements_holder_item][\/qode_elements_holder][\/vc_column][\/vc_row][vc_row css_animation=\u00bbelement_from_fade\u00bb row_type=\u00bbrow\u00bb use_row_as_full_screen_section=\u00bbno\u00bb type=\u00bbgrid\u00bb angled_section=\u00bbno\u00bb text_align=\u00bbleft\u00bb background_image_as_pattern=\u00bbwithout_pattern\u00bb z_index=\u00bb\u00bb background_color=\u00bb#f3e9df\u00bb el_class=\u00bbrow_qui_som\u00bb][vc_column][qode_elements_holder number_of_columns=\u00bbtwo_columns\u00bb][qode_elements_holder_item vertical_alignment=\u00bbtop\u00bb advanced_animations=\u00bbno\u00bb item_padding=\u00bb10%\u00bb][vc_column_text]Aportamos procesos de pulpeado, refinado con pila holandesa, sistema de formaci\u00f3n del producto en funci\u00f3n del material y estudio del dise\u00f1o de los moldes para un desgote adecuado; tambi\u00e9n proporcionamos investigaci\u00f3n en impresoras 3D, ingenier\u00eda en moldes de secado termoformado, dise\u00f1o y fabricaci\u00f3n CAD CAM, aparatos de laboratorio y medidor de refinado.[\/vc_column_text][\/qode_elements_holder_item][qode_elements_holder_item vertical_alignment=\u00bbtop\u00bb advanced_animations=\u00bbno\u00bb][vc_single_image image=\u00bb141&#8243; img_size=\u00bbfull\u00bb qode_css_animation=\u00bb\u00bb][\/qode_elements_holder_item][\/qode_elements_holder][\/vc_column][\/vc_row][vc_row css_animation=\u00bbelement_from_fade\u00bb row_type=\u00bbrow\u00bb use_row_as_full_screen_section=\u00bbno\u00bb type=\u00bbgrid\u00bb angled_section=\u00bbno\u00bb text_align=\u00bbleft\u00bb background_image_as_pattern=\u00bbwithout_pattern\u00bb z_index=\u00bb\u00bb el_class=\u00bbrow_qui_som\u00bb][vc_column][qode_elements_holder number_of_columns=\u00bbtwo_columns\u00bb][qode_elements_holder_item vertical_alignment=\u00bbtop\u00bb advanced_animations=\u00bbno\u00bb][vc_single_image image=\u00bb414&#8243; img_size=\u00bbfull\u00bb qode_css_animation=\u00bb\u00bb][\/qode_elements_holder_item][qode_elements_holder_item vertical_alignment=\u00bbtop\u00bb advanced_animations=\u00bbno\u00bb item_padding=\u00bb10%\u00bb][vc_column_text]Actualmente tenemos convenios con industrias papeleras, startups, empresas qu\u00edmicas, empresas con residuos industriales, alimentarios y agr\u00edcolas. Cada compa\u00f1\u00eda puede hacer sus investigaciones gracias a nuestro laboratorio y personal t\u00e9cnico.<br \/>\nNos hemos especializado en el dise\u00f1o de nuevos productos seg\u00fan las necesidades de nuestros clientes, para poder llegar tan lejos como sea posible en conceptos clave como la reutilizaci\u00f3n, el reciclaje o la sostenibilidad.[\/vc_column_text][\/qode_elements_holder_item][\/qode_elements_holder][\/vc_column][\/vc_row]<\/p>\n","protected":false},"excerpt":{"rendered":"<p>[vc_row css_animation=\u00bb\u00bb row_type=\u00bbrow\u00bb use_row_as_full_screen_section=\u00bbno\u00bb type=\u00bbfull_width\u00bb angled_section=\u00bbyes\u00bb angled_section_position=\u00bbtop\u00bb angled_section_direction=\u00bbfrom_right_to_left\u00bb text_align=\u00bbleft\u00bb background_image_as_pattern=\u00bbwithout_pattern\u00bb z_index=\u00bb\u00bb][vc_column][vc_video link=\u00bbhttps:\/\/www.youtube.com\/watch?v=b0bOltJlyQM\u00bb align=\u00bbcenter\u00bb][\/vc_column][\/vc_row][vc_row css_animation=\u00bb\u00bb row_type=\u00bbrow\u00bb use_row_as_full_screen_section=\u00bbno\u00bb type=\u00bbgrid\u00bb angled_section=\u00bbno\u00bb text_align=\u00bbleft\u00bb background_image_as_pattern=\u00bbwithout_pattern\u00bb z_index=\u00bb\u00bb el_class=\u00bbsection_sep_40&#8243;][vc_column][vc_column_text el_class=\u00bbsection_title\u00bb] Qui\u00e9nes somos [\/vc_column_text][\/vc_column][\/vc_row][vc_row css_animation=\u00bbelement_from_fade\u00bb row_type=\u00bbrow\u00bb use_row_as_full_screen_section=\u00bbno\u00bb type=\u00bbgrid\u00bb angled_section=\u00bbno\u00bb text_align=\u00bbleft\u00bb background_image_as_pattern=\u00bbwithout_pattern\u00bb z_index=\u00bb\u00bb background_color=\u00bb#f3e9df\u00bb el_class=\u00bbrow_qui_som\u00bb][vc_column][qode_elements_holder number_of_columns=\u00bbtwo_columns\u00bb][qode_elements_holder_item vertical_alignment=\u00bbtop\u00bb advanced_animations=\u00bbno\u00bb item_padding=\u00bb10%\u00bb][vc_column_text]Tallers Soteras es una empresa fundada&#8230;<\/p>\n","protected":false},"author":1,"featured_media":0,"parent":0,"menu_order":0,"comment_status":"closed","ping_status":"open","template":"full_width.php","meta":{"spay_email":"","footnotes":""},"class_list":["post-118","page","type-page","status-publish","hentry"],"yoast_head":"<!-- This site is optimized with the Yoast SEO plugin v27.4 - https:\/\/yoast.com\/product\/yoast-seo-wordpress\/ -->\n<title>Quienes somos - tsinnovacio<\/title>\n<meta name=\"robots\" content=\"index, follow, max-snippet:-1, max-image-preview:large, max-video-preview:-1\" \/>\n<link rel=\"canonical\" href=\"https:\/\/www.tsinnovacio.com\/quienes-somos\/\" \/>\n<meta property=\"og:locale\" content=\"es_ES\" \/>\n<meta property=\"og:type\" content=\"article\" \/>\n<meta property=\"og:title\" content=\"Quienes somos - tsinnovacio\" \/>\n<meta property=\"og:description\" content=\"[vc_row css_animation=\u00bb\u00bb row_type=\u00bbrow\u00bb use_row_as_full_screen_section=\u00bbno\u00bb type=\u00bbfull_width\u00bb angled_section=\u00bbyes\u00bb angled_section_position=\u00bbtop\u00bb angled_section_direction=\u00bbfrom_right_to_left\u00bb text_align=\u00bbleft\u00bb background_image_as_pattern=\u00bbwithout_pattern\u00bb z_index=\u00bb\u00bb][vc_column][vc_video link=\u00bbhttps:\/\/www.youtube.com\/watch?v=b0bOltJlyQM\u00bb align=\u00bbcenter\u00bb][\/vc_column][\/vc_row][vc_row css_animation=\u00bb\u00bb row_type=\u00bbrow\u00bb use_row_as_full_screen_section=\u00bbno\u00bb type=\u00bbgrid\u00bb angled_section=\u00bbno\u00bb text_align=\u00bbleft\u00bb background_image_as_pattern=\u00bbwithout_pattern\u00bb z_index=\u00bb\u00bb el_class=\u00bbsection_sep_40&#8243;][vc_column][vc_column_text el_class=\u00bbsection_title\u00bb] Qui\u00e9nes somos [\/vc_column_text][\/vc_column][\/vc_row][vc_row css_animation=\u00bbelement_from_fade\u00bb row_type=\u00bbrow\u00bb use_row_as_full_screen_section=\u00bbno\u00bb type=\u00bbgrid\u00bb angled_section=\u00bbno\u00bb text_align=\u00bbleft\u00bb background_image_as_pattern=\u00bbwithout_pattern\u00bb z_index=\u00bb\u00bb background_color=\u00bb#f3e9df\u00bb el_class=\u00bbrow_qui_som\u00bb][vc_column][qode_elements_holder number_of_columns=\u00bbtwo_columns\u00bb][qode_elements_holder_item vertical_alignment=\u00bbtop\u00bb advanced_animations=\u00bbno\u00bb item_padding=\u00bb10%\u00bb][vc_column_text]Tallers Soteras es una empresa fundada...\" \/>\n<meta property=\"og:url\" content=\"https:\/\/www.tsinnovacio.com\/quienes-somos\/\" \/>\n<meta property=\"og:site_name\" content=\"tsinnovacio\" \/>\n<meta property=\"article:modified_time\" content=\"2022-05-25T09:33:14+00:00\" \/>\n<meta name=\"twitter:card\" content=\"summary_large_image\" \/>\n<meta name=\"twitter:label1\" content=\"Tiempo de lectura\" \/>\n\t<meta name=\"twitter:data1\" content=\"2 minutos\" \/>\n<script type=\"application\/ld+json\" class=\"yoast-schema-graph\">{\"@context\":\"https:\\\/\\\/schema.org\",\"@graph\":[{\"@type\":\"WebPage\",\"@id\":\"https:\\\/\\\/www.tsinnovacio.com\\\/quienes-somos\\\/\",\"url\":\"https:\\\/\\\/www.tsinnovacio.com\\\/quienes-somos\\\/\",\"name\":\"Quienes somos - tsinnovacio\",\"isPartOf\":{\"@id\":\"https:\\\/\\\/www.tsinnovacio.com\\\/#website\"},\"datePublished\":\"2022-04-01T15:11:21+00:00\",\"dateModified\":\"2022-05-25T09:33:14+00:00\",\"breadcrumb\":{\"@id\":\"https:\\\/\\\/www.tsinnovacio.com\\\/quienes-somos\\\/#breadcrumb\"},\"inLanguage\":\"es\",\"potentialAction\":[{\"@type\":\"ReadAction\",\"target\":[\"https:\\\/\\\/www.tsinnovacio.com\\\/quienes-somos\\\/\"]}]},{\"@type\":\"BreadcrumbList\",\"@id\":\"https:\\\/\\\/www.tsinnovacio.com\\\/quienes-somos\\\/#breadcrumb\",\"itemListElement\":[{\"@type\":\"ListItem\",\"position\":1,\"name\":\"Portada\",\"item\":\"https:\\\/\\\/www.tsinnovacio.com\\\/es\\\/\"},{\"@type\":\"ListItem\",\"position\":2,\"name\":\"Quienes somos\"}]},{\"@type\":\"WebSite\",\"@id\":\"https:\\\/\\\/www.tsinnovacio.com\\\/#website\",\"url\":\"https:\\\/\\\/www.tsinnovacio.com\\\/\",\"name\":\"tsinnovacio\",\"description\":\"Packaging sostenible\",\"publisher\":{\"@id\":\"https:\\\/\\\/www.tsinnovacio.com\\\/#organization\"},\"potentialAction\":[{\"@type\":\"SearchAction\",\"target\":{\"@type\":\"EntryPoint\",\"urlTemplate\":\"https:\\\/\\\/www.tsinnovacio.com\\\/?s={search_term_string}\"},\"query-input\":{\"@type\":\"PropertyValueSpecification\",\"valueRequired\":true,\"valueName\":\"search_term_string\"}}],\"inLanguage\":\"es\"},{\"@type\":\"Organization\",\"@id\":\"https:\\\/\\\/www.tsinnovacio.com\\\/#organization\",\"name\":\"Tallers Soteras, SL\",\"url\":\"https:\\\/\\\/www.tsinnovacio.com\\\/\",\"logo\":{\"@type\":\"ImageObject\",\"inLanguage\":\"es\",\"@id\":\"https:\\\/\\\/www.tsinnovacio.com\\\/#\\\/schema\\\/logo\\\/image\\\/\",\"url\":\"https:\\\/\\\/i0.wp.com\\\/www.tsinnovacio.com\\\/wp-content\\\/uploads\\\/2022\\\/05\\\/logo-TS-innovacio-firma-correu-e1653646604386.jpg?fit=157%2C159&ssl=1\",\"contentUrl\":\"https:\\\/\\\/i0.wp.com\\\/www.tsinnovacio.com\\\/wp-content\\\/uploads\\\/2022\\\/05\\\/logo-TS-innovacio-firma-correu-e1653646604386.jpg?fit=157%2C159&ssl=1\",\"width\":157,\"height\":159,\"caption\":\"Tallers Soteras, SL\"},\"image\":{\"@id\":\"https:\\\/\\\/www.tsinnovacio.com\\\/#\\\/schema\\\/logo\\\/image\\\/\"},\"sameAs\":[\"https:\\\/\\\/www.instagram.com\\\/tallers_soteras\\\/\",\"https:\\\/\\\/www.linkedin.com\\\/company\\\/80057879\\\/admin\\\/\"]}]}<\/script>\n<!-- \/ Yoast SEO plugin. -->","yoast_head_json":{"title":"Quienes somos - tsinnovacio","robots":{"index":"index","follow":"follow","max-snippet":"max-snippet:-1","max-image-preview":"max-image-preview:large","max-video-preview":"max-video-preview:-1"},"canonical":"https:\/\/www.tsinnovacio.com\/quienes-somos\/","og_locale":"es_ES","og_type":"article","og_title":"Quienes somos - tsinnovacio","og_description":"[vc_row css_animation=\u00bb\u00bb row_type=\u00bbrow\u00bb use_row_as_full_screen_section=\u00bbno\u00bb type=\u00bbfull_width\u00bb angled_section=\u00bbyes\u00bb angled_section_position=\u00bbtop\u00bb angled_section_direction=\u00bbfrom_right_to_left\u00bb text_align=\u00bbleft\u00bb background_image_as_pattern=\u00bbwithout_pattern\u00bb z_index=\u00bb\u00bb][vc_column][vc_video link=\u00bbhttps:\/\/www.youtube.com\/watch?v=b0bOltJlyQM\u00bb align=\u00bbcenter\u00bb][\/vc_column][\/vc_row][vc_row css_animation=\u00bb\u00bb row_type=\u00bbrow\u00bb use_row_as_full_screen_section=\u00bbno\u00bb type=\u00bbgrid\u00bb angled_section=\u00bbno\u00bb text_align=\u00bbleft\u00bb background_image_as_pattern=\u00bbwithout_pattern\u00bb z_index=\u00bb\u00bb el_class=\u00bbsection_sep_40&#8243;][vc_column][vc_column_text el_class=\u00bbsection_title\u00bb] Qui\u00e9nes somos [\/vc_column_text][\/vc_column][\/vc_row][vc_row css_animation=\u00bbelement_from_fade\u00bb row_type=\u00bbrow\u00bb use_row_as_full_screen_section=\u00bbno\u00bb type=\u00bbgrid\u00bb angled_section=\u00bbno\u00bb text_align=\u00bbleft\u00bb background_image_as_pattern=\u00bbwithout_pattern\u00bb z_index=\u00bb\u00bb background_color=\u00bb#f3e9df\u00bb el_class=\u00bbrow_qui_som\u00bb][vc_column][qode_elements_holder number_of_columns=\u00bbtwo_columns\u00bb][qode_elements_holder_item vertical_alignment=\u00bbtop\u00bb advanced_animations=\u00bbno\u00bb item_padding=\u00bb10%\u00bb][vc_column_text]Tallers Soteras es una empresa fundada...","og_url":"https:\/\/www.tsinnovacio.com\/quienes-somos\/","og_site_name":"tsinnovacio","article_modified_time":"2022-05-25T09:33:14+00:00","twitter_card":"summary_large_image","twitter_misc":{"Tiempo de lectura":"2 minutos"},"schema":{"@context":"https:\/\/schema.org","@graph":[{"@type":"WebPage","@id":"https:\/\/www.tsinnovacio.com\/quienes-somos\/","url":"https:\/\/www.tsinnovacio.com\/quienes-somos\/","name":"Quienes somos - tsinnovacio","isPartOf":{"@id":"https:\/\/www.tsinnovacio.com\/#website"},"datePublished":"2022-04-01T15:11:21+00:00","dateModified":"2022-05-25T09:33:14+00:00","breadcrumb":{"@id":"https:\/\/www.tsinnovacio.com\/quienes-somos\/#breadcrumb"},"inLanguage":"es","potentialAction":[{"@type":"ReadAction","target":["https:\/\/www.tsinnovacio.com\/quienes-somos\/"]}]},{"@type":"BreadcrumbList","@id":"https:\/\/www.tsinnovacio.com\/quienes-somos\/#breadcrumb","itemListElement":[{"@type":"ListItem","position":1,"name":"Portada","item":"https:\/\/www.tsinnovacio.com\/es\/"},{"@type":"ListItem","position":2,"name":"Quienes somos"}]},{"@type":"WebSite","@id":"https:\/\/www.tsinnovacio.com\/#website","url":"https:\/\/www.tsinnovacio.com\/","name":"tsinnovacio","description":"Packaging sostenible","publisher":{"@id":"https:\/\/www.tsinnovacio.com\/#organization"},"potentialAction":[{"@type":"SearchAction","target":{"@type":"EntryPoint","urlTemplate":"https:\/\/www.tsinnovacio.com\/?s={search_term_string}"},"query-input":{"@type":"PropertyValueSpecification","valueRequired":true,"valueName":"search_term_string"}}],"inLanguage":"es"},{"@type":"Organization","@id":"https:\/\/www.tsinnovacio.com\/#organization","name":"Tallers Soteras, SL","url":"https:\/\/www.tsinnovacio.com\/","logo":{"@type":"ImageObject","inLanguage":"es","@id":"https:\/\/www.tsinnovacio.com\/#\/schema\/logo\/image\/","url":"https:\/\/i0.wp.com\/www.tsinnovacio.com\/wp-content\/uploads\/2022\/05\/logo-TS-innovacio-firma-correu-e1653646604386.jpg?fit=157%2C159&ssl=1","contentUrl":"https:\/\/i0.wp.com\/www.tsinnovacio.com\/wp-content\/uploads\/2022\/05\/logo-TS-innovacio-firma-correu-e1653646604386.jpg?fit=157%2C159&ssl=1","width":157,"height":159,"caption":"Tallers Soteras, SL"},"image":{"@id":"https:\/\/www.tsinnovacio.com\/#\/schema\/logo\/image\/"},"sameAs":["https:\/\/www.instagram.com\/tallers_soteras\/","https:\/\/www.linkedin.com\/company\/80057879\/admin\/"]}]}},"_links":{"self":[{"href":"https:\/\/www.tsinnovacio.com\/es\/wp-json\/wp\/v2\/pages\/118","targetHints":{"allow":["GET"]}}],"collection":[{"href":"https:\/\/www.tsinnovacio.com\/es\/wp-json\/wp\/v2\/pages"}],"about":[{"href":"https:\/\/www.tsinnovacio.com\/es\/wp-json\/wp\/v2\/types\/page"}],"author":[{"embeddable":true,"href":"https:\/\/www.tsinnovacio.com\/es\/wp-json\/wp\/v2\/users\/1"}],"replies":[{"embeddable":true,"href":"https:\/\/www.tsinnovacio.com\/es\/wp-json\/wp\/v2\/comments?post=118"}],"version-history":[{"count":24,"href":"https:\/\/www.tsinnovacio.com\/es\/wp-json\/wp\/v2\/pages\/118\/revisions"}],"predecessor-version":[{"id":626,"href":"https:\/\/www.tsinnovacio.com\/es\/wp-json\/wp\/v2\/pages\/118\/revisions\/626"}],"wp:attachment":[{"href":"https:\/\/www.tsinnovacio.com\/es\/wp-json\/wp\/v2\/media?parent=118"}],"curies":[{"name":"wp","href":"https:\/\/api.w.org\/{rel}","templated":true}]}}